{"id":23187,"date":"2026-04-13T18:07:11","date_gmt":"2026-04-13T18:07:11","guid":{"rendered":"https:\/\/mardinsifaevi.com\/?post_type=product&#038;p=23187"},"modified":"2026-04-13T18:17:26","modified_gmt":"2026-04-13T18:17:26","slug":"zebercet-orgonit","status":"publish","type":"product","link":"https:\/\/mardinsifaevi.com\/en\/magaza\/zebercet-orgonit\/","title":{"rendered":"Zebercet Orgonit"},"content":{"rendered":"<h1><strong>Zebercet Orgonit<\/strong><\/h1>\n<p><span dir=\"auto\" style=\"vertical-align: inherit;\">\u2728 <\/span>Mek\u00e2n enerjisini negatif enerjilerden temizler<br \/>\n<span dir=\"auto\" style=\"vertical-align: inherit;\">\u2728 <\/span>5G&#8217; bin negatif etkisini evinizde ve ofisinizde minimalize eder.<br \/>\n<span dir=\"auto\" style=\"vertical-align: inherit;\">\u2728\u00a0 <\/span>Kendi i\u00e7inde kurulu mekanizmas\u0131 ile do\u011fal bir ar\u0131nd\u0131r\u0131c\u0131d\u0131r.<br \/>\n<span dir=\"auto\" style=\"vertical-align: inherit;\">\u2728 <span class=\"a_GcMg font-feature-liga-off font-feature-clig-off font-feature-calt-off text-decoration-none text-strikethrough-none\">\u0130\u00e7inde bulunan zebercet Sayesinde Bolluk ve Bereket Enerjisi yayar.<\/span>\u00a0<span class=\"a_GcMg font-feature-liga-off font-feature-clig-off font-feature-calt-off text-decoration-none text-strikethrough-none\"><br \/>\n<\/span><\/span><span dir=\"auto\" style=\"vertical-align: inherit;\">\u2728 <span class=\"a_GcMg font-feature-liga-off font-feature-clig-off font-feature-calt-off text-decoration-none text-strikethrough-none\">Panik atak anksiyete i\u00e7in etkilidir. Kalbi Rahatlat\u0131r.<\/span><span class=\"a_GcMg font-feature-liga-off font-feature-clig-off font-feature-calt-off text-decoration-none text-strikethrough-none\"><br \/>\n<\/span><\/span>\u2728 <span class=\"a_GcMg font-feature-liga-off font-feature-clig-off font-feature-calt-off text-decoration-none text-strikethrough-none\">Zebercet \u00fczerinde bulunan pirit tozu ile yay\u0131lan enerjinin etkinligi artar, bak\u0131r spiral ile enerji alt\u0131n oran ile dengeli bir \u015fekilde yay\u0131l\u0131r.<br \/>\n<\/span><span dir=\"auto\" style=\"vertical-align: inherit;\">\u2728 <\/span>Tepeye oturtulan do\u011fal ham par\u00e7a Kuvartz ile sa\u011flanan enerji saf ve temiz bir \u015fekilde mekana yay\u0131l\u0131r<br \/>\n<span dir=\"auto\" style=\"vertical-align: inherit;\">\u2728 <\/span>T\u00fcm bunlara ek olarak s\u0131k\u0131\u015ft\u0131r\u0131lan enerji piramit enerjisi ile g\u00fc\u00e7l\u00fc bir tesir alan\u0131 olu\u015fturur.<\/p>\n<p>Y\u00fcksekli\u011fi : 6 cm<br \/>\nTaban: 7 X 7 cm<\/p>","protected":false},"excerpt":{"rendered":"<h1><strong>Zebercet Orgonit<\/strong><\/h1>\n<p><span dir=\"auto\" style=\"vertical-align: inherit;\">\u2728 <\/span>Mek\u00e2n enerjisini negatif enerjilerden temizler<br \/>\n<span dir=\"auto\" style=\"vertical-align: inherit;\">\u2728 <\/span>5G&#8217; bin negatif etkisini evinizde ve ofisinizde minimalize eder.<br \/>\n<span dir=\"auto\" style=\"vertical-align: inherit;\">\u2728\u00a0 <\/span>Kendi i\u00e7inde kurulu mekanizmas\u0131 ile do\u011fal bir ar\u0131nd\u0131r\u0131c\u0131d\u0131r.<br \/>\n<span dir=\"auto\" style=\"vertical-align: inherit;\">\u2728 <span class=\"a_GcMg font-feature-liga-off font-feature-clig-off font-feature-calt-off text-decoration-none text-strikethrough-none\">\u0130\u00e7inde bulunan zebercet Sayesinde Bolluk ve Bereket Enerjisi yayar.<\/span>\u00a0<span class=\"a_GcMg font-feature-liga-off font-feature-clig-off font-feature-calt-off text-decoration-none text-strikethrough-none\"><br \/>\n<\/span><\/span><span dir=\"auto\" style=\"vertical-align: inherit;\">\u2728 <span class=\"a_GcMg font-feature-liga-off font-feature-clig-off font-feature-calt-off text-decoration-none text-strikethrough-none\">Panik atak anksiyete i\u00e7in etkilidir. Kalbi Rahatlat\u0131r.<\/span><span class=\"a_GcMg font-feature-liga-off font-feature-clig-off font-feature-calt-off text-decoration-none text-strikethrough-none\"><br \/>\n<\/span><\/span>\u2728 <span class=\"a_GcMg font-feature-liga-off font-feature-clig-off font-feature-calt-off text-decoration-none text-strikethrough-none\">Zebercet \u00fczerinde bulunan pirit tozu ile yay\u0131lan enerjinin etkinligi artar, bak\u0131r spiral ile enerji alt\u0131n oran ile dengeli bir \u015fekilde yay\u0131l\u0131r.<br \/>\n<\/span><span dir=\"auto\" style=\"vertical-align: inherit;\">\u2728 <\/span>Tepeye oturtulan do\u011fal ham par\u00e7a Kuvartz ile sa\u011flanan enerji saf ve temiz bir \u015fekilde mekana yay\u0131l\u0131r<br \/>\n<span dir=\"auto\" style=\"vertical-align: inherit;\">\u2728 <\/span>T\u00fcm bunlara ek olarak s\u0131k\u0131\u015ft\u0131r\u0131lan enerji piramit enerjisi ile g\u00fc\u00e7l\u00fc bir tesir alan\u0131 olu\u015fturur.<\/p>\n<p>Y\u00fcksekli\u011fi : 6 cm<br \/>\nTaban: 7 X 7 cm<\/p>","protected":false},"featured_media":23188,"comment_status":"open","ping_status":"closed","template":"","meta":[],"product_brand":[],"product_cat":[83,20],"product_tag":[],"class_list":{"0":"post-23187","1":"product","2":"type-product","3":"status-publish","4":"has-post-thumbnail","6":"product_cat-orgonitler-anahtarlik","7":"product_cat-tum-urunler","9":"first","10":"instock","11":"sale","12":"taxable","13":"shipping-taxable","14":"purchasable","15":"product-type-simple"},"_links":{"self":[{"href":"https:\/\/mardinsifaevi.com\/en\/wp-json\/wp\/v2\/product\/23187","targetHints":{"allow":["GET"]}}],"collection":[{"href":"https:\/\/mardinsifaevi.com\/en\/wp-json\/wp\/v2\/product"}],"about":[{"href":"https:\/\/mardinsifaevi.com\/en\/wp-json\/wp\/v2\/types\/product"}],"replies":[{"embeddable":true,"href":"https:\/\/mardinsifaevi.com\/en\/wp-json\/wp\/v2\/comments?post=23187"}],"version-history":[{"count":2,"href":"https:\/\/mardinsifaevi.com\/en\/wp-json\/wp\/v2\/product\/23187\/revisions"}],"predecessor-version":[{"id":23194,"href":"https:\/\/mardinsifaevi.com\/en\/wp-json\/wp\/v2\/product\/23187\/revisions\/23194"}],"wp:featuredmedia":[{"embeddable":true,"href":"https:\/\/mardinsifaevi.com\/en\/wp-json\/wp\/v2\/media\/23188"}],"wp:attachment":[{"href":"https:\/\/mardinsifaevi.com\/en\/wp-json\/wp\/v2\/media?parent=23187"}],"wp:term":[{"taxonomy":"product_brand","embeddable":true,"href":"https:\/\/mardinsifaevi.com\/en\/wp-json\/wp\/v2\/product_brand?post=23187"},{"taxonomy":"product_cat","embeddable":true,"href":"https:\/\/mardinsifaevi.com\/en\/wp-json\/wp\/v2\/product_cat?post=23187"},{"taxonomy":"product_tag","embeddable":true,"href":"https:\/\/mardinsifaevi.com\/en\/wp-json\/wp\/v2\/product_tag?post=23187"}],"curies":[{"name":"wp","href":"https:\/\/api.w.org\/{rel}","templated":true}]}}