{"id":23170,"date":"2026-04-13T14:23:16","date_gmt":"2026-04-13T14:23:16","guid":{"rendered":"https:\/\/mardinsifaevi.com\/?post_type=product&#038;p=23170"},"modified":"2026-04-13T17:31:26","modified_gmt":"2026-04-13T17:31:26","slug":"23170","status":"publish","type":"product","link":"https:\/\/mardinsifaevi.com\/en\/magaza\/23170\/","title":{"rendered":"Akik Orgonit"},"content":{"rendered":"<p>Akik Orgonit<\/p>\n<p>Mek\u00e2n enerjisini negatif enerjilerden temizler<br \/>\n5G&#8217; bin negatif etkisini evinizde ve ofisinizde minimalize eder.<br \/>\nKendi i\u00e7inde kurulu mekanizmas\u0131 ile do\u011fal bir ar\u0131nd\u0131r\u0131c\u0131d\u0131r.<br \/>\n\u0130\u00e7inde bulunan akik etkisi ile nazardan ve negatif enerjiden ar\u0131nd\u0131r\u0131c\u0131, bolluk ve bereket enerjisi yay\u0131c\u0131d\u0131r<br \/>\nAkik \u00fczerinde bulunan pirit tozu ile yay\u0131lan enerjinin etkinligi artar, bak\u0131r spiral ile enerji alt\u0131n oran ile dengeli bir \u015fekilde yay\u0131l\u0131r<br \/>\nTepeye oturtulan do\u011fal ham par\u00e7a Kuvartz ile sa\u011flanan enerji saf ve temiz bir \u015fekilde mekana yay\u0131l\u0131r<br \/>\nT\u00fcm bunlara ek olarak s\u0131k\u0131\u015ft\u0131r\u0131lan enerji piramit enerjisi ile g\u00fc\u00e7l\u00fc bir tesir alan\u0131 olu\u015fturur<\/p>","protected":false},"excerpt":{"rendered":"<h1><strong>Akik Orgonit<\/strong><\/h1>\n<p><span dir=\"auto\" style=\"vertical-align: inherit;\">\u2728 <\/span>Mek\u00e2n enerjisini negatif enerjilerden temizler<br \/>\n<span dir=\"auto\" style=\"vertical-align: inherit;\">\u2728 <\/span>5G&#8217; bin negatif etkisini evinizde ve ofisinizde minimalize eder.<br \/>\n<span dir=\"auto\" style=\"vertical-align: inherit;\">\u2728\u00a0 <\/span>Kendi i\u00e7inde kurulu mekanizmas\u0131 ile do\u011fal bir ar\u0131nd\u0131r\u0131c\u0131d\u0131r.<br \/>\n<span dir=\"auto\" style=\"vertical-align: inherit;\">\u2728 <\/span>\u0130\u00e7inde bulunan akik etkisi ile nazardan ve negatif enerjiden ar\u0131nd\u0131r\u0131c\u0131, bolluk ve bereket enerjisi yay\u0131c\u0131d\u0131r<br \/>\n<span dir=\"auto\" style=\"vertical-align: inherit;\">\u2728 <\/span>Akik \u00fczerinde bulunan pirit tozu ile yay\u0131lan enerjinin etkinligi artar, bak\u0131r spiral ile enerji alt\u0131n oran ile dengeli bir \u015fekilde yay\u0131l\u0131r<br \/>\n<span dir=\"auto\" style=\"vertical-align: inherit;\">\u2728 <\/span>Tepeye oturtulan do\u011fal ham par\u00e7a Kuvartz ile sa\u011flanan enerji saf ve temiz bir \u015fekilde mekana yay\u0131l\u0131r<br \/>\n<span dir=\"auto\" style=\"vertical-align: inherit;\">\u2728 <\/span>T\u00fcm bunlara ek olarak s\u0131k\u0131\u015ft\u0131r\u0131lan enerji piramit enerjisi ile g\u00fc\u00e7l\u00fc bir tesir alan\u0131 olu\u015fturur.<\/p>\n<p>Y\u00fcksekli\u011fi : 6 cm<br \/>\nTaban: 7 X 7 cm<\/p>","protected":false},"featured_media":23174,"comment_status":"open","ping_status":"closed","template":"","meta":[],"product_brand":[],"product_cat":[83,20],"product_tag":[],"class_list":{"0":"post-23170","1":"product","2":"type-product","3":"status-publish","4":"has-post-thumbnail","6":"product_cat-orgonitler-anahtarlik","7":"product_cat-tum-urunler","9":"first","10":"instock","11":"sale","12":"taxable","13":"shipping-taxable","14":"purchasable","15":"product-type-simple"},"_links":{"self":[{"href":"https:\/\/mardinsifaevi.com\/en\/wp-json\/wp\/v2\/product\/23170","targetHints":{"allow":["GET"]}}],"collection":[{"href":"https:\/\/mardinsifaevi.com\/en\/wp-json\/wp\/v2\/product"}],"about":[{"href":"https:\/\/mardinsifaevi.com\/en\/wp-json\/wp\/v2\/types\/product"}],"replies":[{"embeddable":true,"href":"https:\/\/mardinsifaevi.com\/en\/wp-json\/wp\/v2\/comments?post=23170"}],"version-history":[{"count":3,"href":"https:\/\/mardinsifaevi.com\/en\/wp-json\/wp\/v2\/product\/23170\/revisions"}],"predecessor-version":[{"id":23179,"href":"https:\/\/mardinsifaevi.com\/en\/wp-json\/wp\/v2\/product\/23170\/revisions\/23179"}],"wp:featuredmedia":[{"embeddable":true,"href":"https:\/\/mardinsifaevi.com\/en\/wp-json\/wp\/v2\/media\/23174"}],"wp:attachment":[{"href":"https:\/\/mardinsifaevi.com\/en\/wp-json\/wp\/v2\/media?parent=23170"}],"wp:term":[{"taxonomy":"product_brand","embeddable":true,"href":"https:\/\/mardinsifaevi.com\/en\/wp-json\/wp\/v2\/product_brand?post=23170"},{"taxonomy":"product_cat","embeddable":true,"href":"https:\/\/mardinsifaevi.com\/en\/wp-json\/wp\/v2\/product_cat?post=23170"},{"taxonomy":"product_tag","embeddable":true,"href":"https:\/\/mardinsifaevi.com\/en\/wp-json\/wp\/v2\/product_tag?post=23170"}],"curies":[{"name":"wp","href":"https:\/\/api.w.org\/{rel}","templated":true}]}}