{"id":22656,"date":"2026-03-28T13:58:10","date_gmt":"2026-03-28T13:58:10","guid":{"rendered":"https:\/\/mardinsifaevi.com\/?post_type=product&#038;p=22656"},"modified":"2026-03-28T17:22:42","modified_gmt":"2026-03-28T17:22:42","slug":"radonit-dogaltas-bileklik","status":"publish","type":"product","link":"https:\/\/mardinsifaevi.com\/en\/magaza\/radonit-dogaltas-bileklik\/","title":{"rendered":"Radonit Do\u011falta\u015f Bileklik"},"content":{"rendered":"","protected":false},"excerpt":{"rendered":"<p>Radonit Do\u011falta\u015f Bileklik 3 Farkl\u0131 Modelde ve 2 farkl\u0131 Ta\u015f Boyutuna G\u00f6re Diledi\u011finiz \u015eekilde Haz\u0131rl\u0131yoruz.<\/p>\n<p>Bilek \u00d6l\u00e7\u00fcs\u00fcne G\u00f6re Size \u00d6zel Olarak Haz\u0131rlanmaktad\u0131r.<\/p>\n<p>6 mm ve 8 mm K\u00fcre Formu Mevcut<\/p>\n<p>\u2728A\u015fk Enerjisi<\/p>\n<p>\u2728Huzur-Sakinlik<\/p>\n<p>\u2728 Duygusal Denge<\/p>\n<p>\u2728\u00d6\u011frenme Yetene\u011fi<\/p>\n<p>\u2728 Kalp \u00c7akras\u0131<\/p>\n<p>Bilek \u00d6l\u00e7\u00fcn\u00fcz\u00fc G\u00f6rseldeki Gibi Mezura Yada \u0130p \u015eerit \u0130le \u00d6l\u00e7ebilirsiniz.<\/p>\n<p>S\u0131kmadan ve gev\u015fek b\u0131rakmadan s\u0131f\u0131r \u00f6l\u00e7\u00fc istiyoruz. Size uygun \u015fekilde haz\u0131rl\u0131yoruz. \ud83d\ude0c<\/p>\n<p>\u00d6l\u00e7\u00fc, Ta\u015f Boyutu ve Modeli Opsiyonlardan Se\u00e7ebilirsiniz.\ud83d\udc47<\/p>","protected":false},"featured_media":22706,"comment_status":"open","ping_status":"closed","template":"","meta":[],"product_brand":[],"product_cat":[77,37,20],"product_tag":[],"class_list":{"0":"post-22656","1":"product","2":"type-product","3":"status-publish","4":"has-post-thumbnail","6":"product_cat-dogaltas-bileklik","7":"product_cat-dogaltas-urunler","8":"product_cat-tum-urunler","10":"first","11":"instock","12":"taxable","13":"shipping-taxable","14":"purchasable","15":"product-type-variable"},"_links":{"self":[{"href":"https:\/\/mardinsifaevi.com\/en\/wp-json\/wp\/v2\/product\/22656","targetHints":{"allow":["GET"]}}],"collection":[{"href":"https:\/\/mardinsifaevi.com\/en\/wp-json\/wp\/v2\/product"}],"about":[{"href":"https:\/\/mardinsifaevi.com\/en\/wp-json\/wp\/v2\/types\/product"}],"replies":[{"embeddable":true,"href":"https:\/\/mardinsifaevi.com\/en\/wp-json\/wp\/v2\/comments?post=22656"}],"version-history":[{"count":2,"href":"https:\/\/mardinsifaevi.com\/en\/wp-json\/wp\/v2\/product\/22656\/revisions"}],"predecessor-version":[{"id":22783,"href":"https:\/\/mardinsifaevi.com\/en\/wp-json\/wp\/v2\/product\/22656\/revisions\/22783"}],"wp:featuredmedia":[{"embeddable":true,"href":"https:\/\/mardinsifaevi.com\/en\/wp-json\/wp\/v2\/media\/22706"}],"wp:attachment":[{"href":"https:\/\/mardinsifaevi.com\/en\/wp-json\/wp\/v2\/media?parent=22656"}],"wp:term":[{"taxonomy":"product_brand","embeddable":true,"href":"https:\/\/mardinsifaevi.com\/en\/wp-json\/wp\/v2\/product_brand?post=22656"},{"taxonomy":"product_cat","embeddable":true,"href":"https:\/\/mardinsifaevi.com\/en\/wp-json\/wp\/v2\/product_cat?post=22656"},{"taxonomy":"product_tag","embeddable":true,"href":"https:\/\/mardinsifaevi.com\/en\/wp-json\/wp\/v2\/product_tag?post=22656"}],"curies":[{"name":"wp","href":"https:\/\/api.w.org\/{rel}","templated":true}]}}