{"id":19765,"date":"2026-01-03T19:37:25","date_gmt":"2026-01-03T19:37:25","guid":{"rendered":"https:\/\/mardinsifaevi.com\/?post_type=product&#038;p=19765"},"modified":"2026-01-03T19:43:26","modified_gmt":"2026-01-03T19:43:26","slug":"dogaltasli-insirah-suresi-bakir-kolye","status":"publish","type":"product","link":"https:\/\/mardinsifaevi.com\/en\/magaza\/dogaltasli-insirah-suresi-bakir-kolye\/","title":{"rendered":"Do\u011falta\u015fl\u0131 \u0130n\u015firah Suresi Bak\u0131r Kolye"},"content":{"rendered":"","protected":false},"excerpt":{"rendered":"<p>Do\u011falta\u015fl\u0131 Bak\u0131r Kolye<\/p>\n<p>Dikd\u00f6rtgen 2*3 Cm ebat\u0131nda<\/p>\n<p>Ta\u015flar Akik ve Aventurin.<\/p>\n<p>4 adet Ta\u015f ile birlikte se\u00e7ti\u011finiz \u00f6l\u00e7\u00fcye g\u00f6re sabitlenerek g\u00f6nderim yap\u0131lacakt\u0131r.<\/p>\n<p>Ba\u015fka ta\u015flar tercih etmek isterseniz. Sipari\u015f sonras\u0131 bize \u2013 whatsapp \u2013 \u0130nstagram DM \u00fczerinden belirtebilrsiniz.<\/p>\n<p>Kolyenin Di\u011fer Taraf\u0131na Yaz\u0131lmas\u0131n\u0131 \u0130stedi\u011finiz Detay\u0131 Opsiyonlardan Tercih Se\u00e7ebilirsiniz.<span class=\"emoji_font line\">\ud83d\udc47\ufe0f<\/span><\/p>","protected":false},"featured_media":19864,"comment_status":"open","ping_status":"closed","template":"","meta":[],"product_brand":[],"product_cat":[90,27,20],"product_tag":[],"class_list":{"0":"post-19765","1":"product","2":"type-product","3":"status-publish","4":"has-post-thumbnail","6":"product_cat-bakir-kolye","7":"product_cat-bakir-urunler","8":"product_cat-tum-urunler","10":"first","11":"instock","12":"taxable","13":"shipping-taxable","14":"purchasable","15":"product-type-variable"},"_links":{"self":[{"href":"https:\/\/mardinsifaevi.com\/en\/wp-json\/wp\/v2\/product\/19765","targetHints":{"allow":["GET"]}}],"collection":[{"href":"https:\/\/mardinsifaevi.com\/en\/wp-json\/wp\/v2\/product"}],"about":[{"href":"https:\/\/mardinsifaevi.com\/en\/wp-json\/wp\/v2\/types\/product"}],"replies":[{"embeddable":true,"href":"https:\/\/mardinsifaevi.com\/en\/wp-json\/wp\/v2\/comments?post=19765"}],"version-history":[{"count":1,"href":"https:\/\/mardinsifaevi.com\/en\/wp-json\/wp\/v2\/product\/19765\/revisions"}],"predecessor-version":[{"id":19867,"href":"https:\/\/mardinsifaevi.com\/en\/wp-json\/wp\/v2\/product\/19765\/revisions\/19867"}],"wp:featuredmedia":[{"embeddable":true,"href":"https:\/\/mardinsifaevi.com\/en\/wp-json\/wp\/v2\/media\/19864"}],"wp:attachment":[{"href":"https:\/\/mardinsifaevi.com\/en\/wp-json\/wp\/v2\/media?parent=19765"}],"wp:term":[{"taxonomy":"product_brand","embeddable":true,"href":"https:\/\/mardinsifaevi.com\/en\/wp-json\/wp\/v2\/product_brand?post=19765"},{"taxonomy":"product_cat","embeddable":true,"href":"https:\/\/mardinsifaevi.com\/en\/wp-json\/wp\/v2\/product_cat?post=19765"},{"taxonomy":"product_tag","embeddable":true,"href":"https:\/\/mardinsifaevi.com\/en\/wp-json\/wp\/v2\/product_tag?post=19765"}],"curies":[{"name":"wp","href":"https:\/\/api.w.org\/{rel}","templated":true}]}}