{"id":16481,"date":"2025-12-23T15:29:17","date_gmt":"2025-12-23T15:29:17","guid":{"rendered":"https:\/\/mardinsifaevi.com\/?post_type=product&#038;p=16481"},"modified":"2026-04-07T21:27:54","modified_gmt":"2026-04-07T21:27:54","slug":"agac-kabugu-nazar-ayeti-bakir-bileklik-kalem-suresi-51-52-ayet","status":"publish","type":"product","link":"https:\/\/mardinsifaevi.com\/en\/magaza\/agac-kabugu-nazar-ayeti-bakir-bileklik-kalem-suresi-51-52-ayet\/","title":{"rendered":"K\u0131r\u00e7\u0131l Desenli Nazar Ayeti Bak\u0131r Bileklik (Kalem S\u00fcresi 51-52.Ayet)"},"content":{"rendered":"<div id=\"product-info-tabs-content\" class=\"tab-content product-info-tabs-content\">\n<div id=\"product-info-pane\" class=\"tab-pane fade show active\" tabindex=\"0\" role=\"tabpanel\" aria-labelledby=\"product-info\">\n<div class=\"product-info-desc js-add-show-more product-description shopier-store--product-detail-description\" data-content=\"\" data-bs-toggle=\"\">Bile\u011finizin \u00f6l\u00e7\u00fcs\u00fcne uygun olan\u0131 tercih etmelisiniz. Di\u011fer detaylar ve \u00f6zel tasar\u0131mlar i\u00e7in whatsap ya da instagram \u00fczerinden bize ula\u015fabilrsiniz.<\/div>\n<\/div>\n<\/div>\n<div class=\"mt-[43px] lg:mt-11\">\n<div class=\"follow-store\">\n<div class=\"follow-store-content\"><\/div>\n<\/div>\n<\/div>","protected":false},"excerpt":{"rendered":"<p>D\u0131\u015f K\u0131sm\u0131 K\u0131r\u00e7\u0131k Deseni<\/p>\n<p>\u0130\u00e7inde Hat Yaz\u0131s\u0131 ile Nazar Ayeti (Kalem Suresi 51-52.Ayet).<\/p>\n<p>Bile\u011finizin \u00f6l\u00e7\u00fcs\u00fcne uygun olan\u0131 tercih etmelisiniz.<\/p>\n<p>Di\u011fer detaylar ve \u00f6zel tasar\u0131mlar i\u00e7in whatsap ya da instagram \u00fczerinden bize ula\u015fabilrsiniz<\/p>","protected":false},"featured_media":23107,"comment_status":"open","ping_status":"closed","template":"","meta":[],"product_brand":[],"product_cat":[89,27,20],"product_tag":[],"class_list":{"0":"post-16481","1":"product","2":"type-product","3":"status-publish","4":"has-post-thumbnail","6":"product_cat-bakir-bileklik","7":"product_cat-bakir-urunler","8":"product_cat-tum-urunler","10":"first","11":"instock","12":"taxable","13":"shipping-taxable","14":"purchasable","15":"product-type-variable"},"_links":{"self":[{"href":"https:\/\/mardinsifaevi.com\/en\/wp-json\/wp\/v2\/product\/16481","targetHints":{"allow":["GET"]}}],"collection":[{"href":"https:\/\/mardinsifaevi.com\/en\/wp-json\/wp\/v2\/product"}],"about":[{"href":"https:\/\/mardinsifaevi.com\/en\/wp-json\/wp\/v2\/types\/product"}],"replies":[{"embeddable":true,"href":"https:\/\/mardinsifaevi.com\/en\/wp-json\/wp\/v2\/comments?post=16481"}],"version-history":[{"count":3,"href":"https:\/\/mardinsifaevi.com\/en\/wp-json\/wp\/v2\/product\/16481\/revisions"}],"predecessor-version":[{"id":23106,"href":"https:\/\/mardinsifaevi.com\/en\/wp-json\/wp\/v2\/product\/16481\/revisions\/23106"}],"wp:featuredmedia":[{"embeddable":true,"href":"https:\/\/mardinsifaevi.com\/en\/wp-json\/wp\/v2\/media\/23107"}],"wp:attachment":[{"href":"https:\/\/mardinsifaevi.com\/en\/wp-json\/wp\/v2\/media?parent=16481"}],"wp:term":[{"taxonomy":"product_brand","embeddable":true,"href":"https:\/\/mardinsifaevi.com\/en\/wp-json\/wp\/v2\/product_brand?post=16481"},{"taxonomy":"product_cat","embeddable":true,"href":"https:\/\/mardinsifaevi.com\/en\/wp-json\/wp\/v2\/product_cat?post=16481"},{"taxonomy":"product_tag","embeddable":true,"href":"https:\/\/mardinsifaevi.com\/en\/wp-json\/wp\/v2\/product_tag?post=16481"}],"curies":[{"name":"wp","href":"https:\/\/api.w.org\/{rel}","templated":true}]}}