{"id":16239,"date":"2025-12-16T14:36:05","date_gmt":"2025-12-16T14:36:05","guid":{"rendered":"https:\/\/mardinsifaevi.com\/?post_type=product&#038;p=16239"},"modified":"2026-04-13T08:24:34","modified_gmt":"2026-04-13T08:24:34","slug":"anadolu-motifli-bakir-bileklik","status":"publish","type":"product","link":"https:\/\/mardinsifaevi.com\/en\/magaza\/anadolu-motifli-bakir-bileklik\/","title":{"rendered":"Anadolu Motifli Bak\u0131r Bileklik"},"content":{"rendered":"<p>G\u00fc\u00e7l\u00fc semboller dizisi, bak\u0131r enerjisi ile i\u00e7 i\u00e7e \ud83d\ude0c<\/p>\n<p>Semboller muazzam geni\u015f alan\u0131 kaplayan ge\u00e7mi\u015f, gelecek ve \u015fimdi entegresini sa\u011flamada, bilginin ak\u0131\u015f\u0131nda ve olu\u015fta kullan\u0131lan evrenin kadim dilidir.. bug\u00fcn\u00fcn karma\u015f\u0131k ve kaotik ortam\u0131na g\u00f6re, kadim topraklar\u0131n bize sundu\u011fu bu semboller; ya\u015famda \u00f6z\u00fc bulmak, hakikati deneyimlemek, kendi ger\u00e7e\u011fine ula\u015fmak isteyenler i\u00e7in anahtar niteli\u011findedir..<\/p>\n<p>Anadolu motifli bak\u0131r bileklik en \u00e7ok tercih edilen \u00fcr\u00fcn\u00fcm olmakla birlikte benim g\u00f6nl\u00fcmde de apayr\u0131 bir yere sahiptir..<\/p>\n<p>Bu motifler hi\u00e7 birimizin yabanc\u0131 oldu\u011fu \u015feyler de\u011fil, b\u00fcy\u00fck annelerimizin evlerinde bu kadim sembollerin nak\u015fedildi\u011fi kilimler, hal\u0131lar ve bir\u00e7ok sergi ara\u00e7lar\u0131n\u0131 hat\u0131rlamak m\u00fcmk\u00fcn..<\/p>","protected":false},"excerpt":{"rendered":"<p>Anadolu Motifli Bak\u0131r Bileklik Bilek \u00d6l\u00e7\u00fcn\u00fcze G\u00f6re<\/p>","protected":false},"featured_media":16240,"comment_status":"open","ping_status":"closed","template":"","meta":[],"product_brand":[],"product_cat":[89,27],"product_tag":[],"class_list":{"0":"post-16239","1":"product","2":"type-product","3":"status-publish","4":"has-post-thumbnail","6":"product_cat-bakir-bileklik","7":"product_cat-bakir-urunler","9":"first","10":"instock","11":"taxable","12":"shipping-taxable","13":"purchasable","14":"product-type-variable"},"_links":{"self":[{"href":"https:\/\/mardinsifaevi.com\/en\/wp-json\/wp\/v2\/product\/16239","targetHints":{"allow":["GET"]}}],"collection":[{"href":"https:\/\/mardinsifaevi.com\/en\/wp-json\/wp\/v2\/product"}],"about":[{"href":"https:\/\/mardinsifaevi.com\/en\/wp-json\/wp\/v2\/types\/product"}],"replies":[{"embeddable":true,"href":"https:\/\/mardinsifaevi.com\/en\/wp-json\/wp\/v2\/comments?post=16239"}],"version-history":[{"count":2,"href":"https:\/\/mardinsifaevi.com\/en\/wp-json\/wp\/v2\/product\/16239\/revisions"}],"predecessor-version":[{"id":16261,"href":"https:\/\/mardinsifaevi.com\/en\/wp-json\/wp\/v2\/product\/16239\/revisions\/16261"}],"wp:featuredmedia":[{"embeddable":true,"href":"https:\/\/mardinsifaevi.com\/en\/wp-json\/wp\/v2\/media\/16240"}],"wp:attachment":[{"href":"https:\/\/mardinsifaevi.com\/en\/wp-json\/wp\/v2\/media?parent=16239"}],"wp:term":[{"taxonomy":"product_brand","embeddable":true,"href":"https:\/\/mardinsifaevi.com\/en\/wp-json\/wp\/v2\/product_brand?post=16239"},{"taxonomy":"product_cat","embeddable":true,"href":"https:\/\/mardinsifaevi.com\/en\/wp-json\/wp\/v2\/product_cat?post=16239"},{"taxonomy":"product_tag","embeddable":true,"href":"https:\/\/mardinsifaevi.com\/en\/wp-json\/wp\/v2\/product_tag?post=16239"}],"curies":[{"name":"wp","href":"https:\/\/api.w.org\/{rel}","templated":true}]}}